{"id":348,"date":"2019-08-20T17:33:19","date_gmt":"2019-08-20T17:33:19","guid":{"rendered":"https:\/\/viriatvs.com\/golf-cup\/?page_id=348"},"modified":"2019-08-20T17:33:19","modified_gmt":"2019-08-20T17:33:19","slug":"politica-de-cookies","status":"publish","type":"page","link":"https:\/\/viriatvs.com\/golf-cup\/politica-de-cookies\/","title":{"rendered":"Pol\u00edtica de cookies"},"content":{"rendered":"<p>[vc_row css_animation=&#8221;&#8221; row_type=&#8221;row&#8221; use_row_as_full_screen_section=&#8221;no&#8221; type=&#8221;full_width&#8221; angled_section=&#8221;no&#8221; text_align=&#8221;left&#8221; background_image_as_pattern=&#8221;without_pattern&#8221;][vc_column][vc_column_text]POL\u00cdTICA DE COOKIES<\/p>\n<p>&nbsp;<\/p>\n<p><strong>O que s\u00e3o cookies?<\/strong><\/p>\n<p>\u201cCookies\u201d s\u00e3o pequenas etiquetas de software (ficheiros de texto) que s\u00e3o armazenadas no seu computador atrav\u00e9s do seu browser\/navegador (Internet Explorer; Firefox; Google Chrome; etc.), e que ret\u00eam apenas informa\u00e7\u00e3o relacionada com as suas prefer\u00eancias, n\u00e3o incluindo, como tal, quaisquer dados pessoais.<\/p>\n<p>A utiliza\u00e7\u00e3o de cookies na internet \u00e9 usual e em nada prejudica os computadores dos utilizadores, n\u00e3o sendo os cookies invasivos nem nocivos e n\u00e3o contendo qualquer informa\u00e7\u00e3o de car\u00e1cter pessoal que permita identificar o utilizador.<\/p>\n<p>&nbsp;<\/p>\n<p><strong>Para que servem os cookies?<\/strong><\/p>\n<p>Os cookies s\u00e3o ficheiros que s\u00e3o gravados no seu computador que t\u00eam como \u00fanico objectivo simplificar a sua navega\u00e7\u00e3o, facilitando a sua pr\u00f3xima visita e tornam o website studiobox.pt mais \u00fatil para si (estes cookies n\u00e3o podem conter v\u00edrus nem ser executados, pois n\u00e3o s\u00e3o ficheiros activos).<\/p>\n<p>&nbsp;<\/p>\n<p>Os cookies s\u00e3o gravados no equipamento terminal e acedidos pelo nosso website apenas porque e quando o utilizador d\u00e1 o seu consentimento atrav\u00e9s de um comportamento ativo e mediante uma decis\u00e3o livre consubstanciada na aceita\u00e7\u00e3o da navega\u00e7\u00e3o no nosso website, com base em informa\u00e7\u00f5es claras e completas nos termos adiante explicitados, nomeadamente sobre o objetivo do processamento.<\/p>\n<p>&nbsp;<\/p>\n<p>Estes cookies apenas podem ser lidos pela studiobox.pt e por si.<\/p>\n<p>&nbsp;<\/p>\n<p><strong>Que tipo de Cookies existem?<\/strong><\/p>\n<p><em><strong>Cookies estritamente necess\u00e1rios<\/strong><\/em><\/p>\n<p>Permitem que navegue no website e utilize as suas aplica\u00e7\u00f5es, s\u00e3o cookies essenciais e que permitem ao nosso site responder a qualquer ac\u00e7\u00e3o que executa no site. O site n\u00e3o funciona corretamente se este cookie n\u00e3o for usado.<\/p>\n<p>&nbsp;<\/p>\n<p><em><strong>Cookies anal\u00edticos<\/strong><\/em><\/p>\n<p>S\u00e3o utilizados anonimamente para efeitos de cria\u00e7\u00e3o e an\u00e1lise de estat\u00edsticas, no sentido de melhorar o funcionamento do website. S\u00e3o cookies que permitem a fun\u00e7\u00e3o do software de an\u00e1lise (analytics). Este software ajuda a analisar os nossos visitantes do site e fornecer informa\u00e7\u00f5es an\u00f3nimas, como navegadores utilizados, visitantes de retorno e de resposta \u00e0s atividades de marketing. Esta informa\u00e7\u00e3o ajuda-nos a melhorar o site e sua experi\u00eancia on-line.<\/p>\n<p>&nbsp;<\/p>\n<p><em><strong>Cookies de funcionalidade<\/strong><\/em><\/p>\n<p>Guardam as prefer\u00eancias do utilizador relativamente \u00e0 utiliza\u00e7\u00e3o do site, de forma que n\u00e3o seja necess\u00e1rio voltar a configurar o site cada vez que o visita.<\/p>\n<p>&nbsp;<\/p>\n<p><em><strong>Cookies permanentes<\/strong><\/em><\/p>\n<p>S\u00e3o cookies que ficam armazenados nos dispositivos de acesso (computador, telem\u00f3vel, smartphone ou tablet), ao n\u00edvel do navegador de internet (browser), e s\u00e3o usados sempre que o utilizador visita novamente o site. Em geral, s\u00e3o usados para direcionar a navega\u00e7\u00e3o de acordo com os interesses do utilizador, permitindo prestar um servi\u00e7o mais personalizado;<\/p>\n<p>&nbsp;<\/p>\n<p><em><strong>Cookies de sess\u00e3o<\/strong><\/em><\/p>\n<p>S\u00e3o cookies tempor\u00e1rios, que s\u00e3o gerados e est\u00e3o dispon\u00edveis at\u00e9 encerrar a sess\u00e3o. Da pr\u00f3xima vez que o utilizador aceder ao seu navegador de internet (browser) os cookies j\u00e1 n\u00e3o estar\u00e3o armazenados. A informa\u00e7\u00e3o obtida permite gerir as sess\u00f5es, identificar problemas e fornecer uma melhor experi\u00eancia de navega\u00e7\u00e3o.<\/p>\n<p>&nbsp;<\/p>\n<p>\u00c9 permitido ao utilizador aceitar, recusar ou apagar cookies, nomeadamente atrav\u00e9s da sele\u00e7\u00e3o das defini\u00e7\u00f5es apropriadas no respetivo navegador (browser). Ao desativar cookies poder\u00e1 impedir que alguns dos nossos servi\u00e7os da web funcionem corretamente.<\/p>\n<p>&nbsp;<\/p>\n<p>Para obter mais informa\u00e7\u00f5es sobre cookies, incluindo para saber que cookies foram instalados e como podem ser geridos e eliminados, visite\u00a0<a href=\"http:\/\/www.allaboutcookies.org\/\">www.allaboutcookies.org.<\/a>\u00a0Se n\u00e3o quiser que as suas visitas a s\u00edtios Web sejam detectadas pelo Google Analytics, v\u00e1 a\u00a0<a href=\"http:\/\/tools.google.com\/dlpage\/gaoptout\">http:\/\/tools.google.com\/dlpage\/gaoptout<\/a><\/p>\n<p>&nbsp;<\/p>\n<p><strong>Aceita\u00e7\u00e3o destes termos<\/strong><\/p>\n<p>&nbsp;<\/p>\n<p>Ao utilizar este site, o utilizador concorda com a recolha e uso das suas informa\u00e7\u00f5es tal como estabelecido nesta Pol\u00edtica de Cookies.<\/p>\n<p>&nbsp;<\/p>\n<p><strong>Como pode gerir os cookies?<\/strong><\/p>\n<p>Todos os browsers permitem ao utilizador aceitar, recusar ou apagar cookies, nomeadamente atrav\u00e9s da sele\u00e7\u00e3o das defini\u00e7\u00f5es apropriadas. Pode configurar os cookies no seu browser no menu \u201cop\u00e7\u00f5es\u201d ou \u201cprefer\u00eancias\u201d.<\/p>\n<p>Note-se, no entanto, que, ao desativar os cookies, pode impedir que alguns servi\u00e7os do nosso website funcionem corretamente, afetando, parcial ou totalmente, a navega\u00e7\u00e3o.<\/p>\n<p>[\/vc_column_text][\/vc_column][\/vc_row]<\/p>\n","protected":false},"excerpt":{"rendered":"<p>[vc_row css_animation=&#8221;&#8221; row_type=&#8221;row&#8221; use_row_as_full_screen_section=&#8221;no&#8221; type=&#8221;full_width&#8221; angled_section=&#8221;no&#8221; text_align=&#8221;left&#8221; background_image_as_pattern=&#8221;without_pattern&#8221;][vc_column][vc_column_text]POL\u00cdTICA DE COOKIES &nbsp; O que s\u00e3o cookies? \u201cCookies\u201d s\u00e3o pequenas etiquetas de software (ficheiros de texto) que s\u00e3o armazenadas no seu computador atrav\u00e9s do seu browser\/navegador (Internet Explorer; Firefox; Google Chrome; etc.), e que ret\u00eam apenas informa\u00e7\u00e3o&#8230;<\/p>\n","protected":false},"author":1,"featured_media":0,"parent":0,"menu_order":0,"comment_status":"closed","ping_status":"open","template":"","meta":{"footnotes":""},"yoast_head":"<!-- This site is optimized with the Yoast SEO plugin v22.1 - https:\/\/yoast.com\/wordpress\/plugins\/seo\/ -->\n<title>Pol\u00edtica de cookies - VIRIATVS GOLF CUP<\/title>\n<meta name=\"robots\" content=\"index, follow, max-snippet:-1, max-image-preview:large, max-video-preview:-1\" \/>\n<link rel=\"canonical\" href=\"https:\/\/viriatvs.com\/golf-cup\/politica-de-cookies\/\" \/>\n<meta property=\"og:locale\" content=\"pt_PT\" \/>\n<meta property=\"og:type\" content=\"article\" \/>\n<meta property=\"og:title\" content=\"Pol\u00edtica de cookies - VIRIATVS GOLF CUP\" \/>\n<meta property=\"og:description\" content=\"[vc_row css_animation=&#8221;&#8221; row_type=&#8221;row&#8221; use_row_as_full_screen_section=&#8221;no&#8221; type=&#8221;full_width&#8221; angled_section=&#8221;no&#8221; text_align=&#8221;left&#8221; background_image_as_pattern=&#8221;without_pattern&#8221;][vc_column][vc_column_text]POL\u00cdTICA DE COOKIES &nbsp; O que s\u00e3o cookies? \u201cCookies\u201d s\u00e3o pequenas etiquetas de software (ficheiros de texto) que s\u00e3o armazenadas no seu computador atrav\u00e9s do seu browser\/navegador (Internet Explorer; Firefox; Google Chrome; etc.), e que ret\u00eam apenas informa\u00e7\u00e3o...\" \/>\n<meta property=\"og:url\" content=\"https:\/\/viriatvs.com\/golf-cup\/politica-de-cookies\/\" \/>\n<meta property=\"og:site_name\" content=\"VIRIATVS GOLF CUP\" \/>\n<meta name=\"twitter:card\" content=\"summary_large_image\" \/>\n<meta name=\"twitter:label1\" content=\"Tempo estimado de leitura\" \/>\n\t<meta name=\"twitter:data1\" content=\"4 minutos\" \/>\n<script type=\"application\/ld+json\" class=\"yoast-schema-graph\">{\"@context\":\"https:\/\/schema.org\",\"@graph\":[{\"@type\":\"WebPage\",\"@id\":\"https:\/\/viriatvs.com\/golf-cup\/politica-de-cookies\/\",\"url\":\"https:\/\/viriatvs.com\/golf-cup\/politica-de-cookies\/\",\"name\":\"Pol\u00edtica de cookies - VIRIATVS GOLF CUP\",\"isPartOf\":{\"@id\":\"https:\/\/viriatvs.com\/golf-cup\/#website\"},\"datePublished\":\"2019-08-20T17:33:19+00:00\",\"dateModified\":\"2019-08-20T17:33:19+00:00\",\"breadcrumb\":{\"@id\":\"https:\/\/viriatvs.com\/golf-cup\/politica-de-cookies\/#breadcrumb\"},\"inLanguage\":\"pt-PT\",\"potentialAction\":[{\"@type\":\"ReadAction\",\"target\":[\"https:\/\/viriatvs.com\/golf-cup\/politica-de-cookies\/\"]}]},{\"@type\":\"BreadcrumbList\",\"@id\":\"https:\/\/viriatvs.com\/golf-cup\/politica-de-cookies\/#breadcrumb\",\"itemListElement\":[{\"@type\":\"ListItem\",\"position\":1,\"name\":\"In\u00edcio\",\"item\":\"https:\/\/viriatvs.com\/golf-cup\/\"},{\"@type\":\"ListItem\",\"position\":2,\"name\":\"Pol\u00edtica de cookies\"}]},{\"@type\":\"WebSite\",\"@id\":\"https:\/\/viriatvs.com\/golf-cup\/#website\",\"url\":\"https:\/\/viriatvs.com\/golf-cup\/\",\"name\":\"VIRIATVS GOLF CUP\",\"description\":\"TORNEIO 2026\",\"potentialAction\":[{\"@type\":\"SearchAction\",\"target\":{\"@type\":\"EntryPoint\",\"urlTemplate\":\"https:\/\/viriatvs.com\/golf-cup\/?s={search_term_string}\"},\"query-input\":\"required name=search_term_string\"}],\"inLanguage\":\"pt-PT\"}]}<\/script>\n<!-- \/ Yoast SEO plugin. -->","yoast_head_json":{"title":"Pol\u00edtica de cookies - VIRIATVS GOLF CUP","robots":{"index":"index","follow":"follow","max-snippet":"max-snippet:-1","max-image-preview":"max-image-preview:large","max-video-preview":"max-video-preview:-1"},"canonical":"https:\/\/viriatvs.com\/golf-cup\/politica-de-cookies\/","og_locale":"pt_PT","og_type":"article","og_title":"Pol\u00edtica de cookies - VIRIATVS GOLF CUP","og_description":"[vc_row css_animation=&#8221;&#8221; row_type=&#8221;row&#8221; use_row_as_full_screen_section=&#8221;no&#8221; type=&#8221;full_width&#8221; angled_section=&#8221;no&#8221; text_align=&#8221;left&#8221; background_image_as_pattern=&#8221;without_pattern&#8221;][vc_column][vc_column_text]POL\u00cdTICA DE COOKIES &nbsp; O que s\u00e3o cookies? \u201cCookies\u201d s\u00e3o pequenas etiquetas de software (ficheiros de texto) que s\u00e3o armazenadas no seu computador atrav\u00e9s do seu browser\/navegador (Internet Explorer; Firefox; Google Chrome; etc.), e que ret\u00eam apenas informa\u00e7\u00e3o...","og_url":"https:\/\/viriatvs.com\/golf-cup\/politica-de-cookies\/","og_site_name":"VIRIATVS GOLF CUP","twitter_card":"summary_large_image","twitter_misc":{"Tempo estimado de leitura":"4 minutos"},"schema":{"@context":"https:\/\/schema.org","@graph":[{"@type":"WebPage","@id":"https:\/\/viriatvs.com\/golf-cup\/politica-de-cookies\/","url":"https:\/\/viriatvs.com\/golf-cup\/politica-de-cookies\/","name":"Pol\u00edtica de cookies - VIRIATVS GOLF CUP","isPartOf":{"@id":"https:\/\/viriatvs.com\/golf-cup\/#website"},"datePublished":"2019-08-20T17:33:19+00:00","dateModified":"2019-08-20T17:33:19+00:00","breadcrumb":{"@id":"https:\/\/viriatvs.com\/golf-cup\/politica-de-cookies\/#breadcrumb"},"inLanguage":"pt-PT","potentialAction":[{"@type":"ReadAction","target":["https:\/\/viriatvs.com\/golf-cup\/politica-de-cookies\/"]}]},{"@type":"BreadcrumbList","@id":"https:\/\/viriatvs.com\/golf-cup\/politica-de-cookies\/#breadcrumb","itemListElement":[{"@type":"ListItem","position":1,"name":"In\u00edcio","item":"https:\/\/viriatvs.com\/golf-cup\/"},{"@type":"ListItem","position":2,"name":"Pol\u00edtica de cookies"}]},{"@type":"WebSite","@id":"https:\/\/viriatvs.com\/golf-cup\/#website","url":"https:\/\/viriatvs.com\/golf-cup\/","name":"VIRIATVS GOLF CUP","description":"TORNEIO 2026","potentialAction":[{"@type":"SearchAction","target":{"@type":"EntryPoint","urlTemplate":"https:\/\/viriatvs.com\/golf-cup\/?s={search_term_string}"},"query-input":"required name=search_term_string"}],"inLanguage":"pt-PT"}]}},"_links":{"self":[{"href":"https:\/\/viriatvs.com\/golf-cup\/wp-json\/wp\/v2\/pages\/348"}],"collection":[{"href":"https:\/\/viriatvs.com\/golf-cup\/wp-json\/wp\/v2\/pages"}],"about":[{"href":"https:\/\/viriatvs.com\/golf-cup\/wp-json\/wp\/v2\/types\/page"}],"author":[{"embeddable":true,"href":"https:\/\/viriatvs.com\/golf-cup\/wp-json\/wp\/v2\/users\/1"}],"replies":[{"embeddable":true,"href":"https:\/\/viriatvs.com\/golf-cup\/wp-json\/wp\/v2\/comments?post=348"}],"version-history":[{"count":1,"href":"https:\/\/viriatvs.com\/golf-cup\/wp-json\/wp\/v2\/pages\/348\/revisions"}],"predecessor-version":[{"id":349,"href":"https:\/\/viriatvs.com\/golf-cup\/wp-json\/wp\/v2\/pages\/348\/revisions\/349"}],"wp:attachment":[{"href":"https:\/\/viriatvs.com\/golf-cup\/wp-json\/wp\/v2\/media?parent=348"}],"curies":[{"name":"wp","href":"https:\/\/api.w.org\/{rel}","templated":true}]}}