{"id":3,"date":"2019-05-27T16:13:16","date_gmt":"2019-05-27T16:13:16","guid":{"rendered":"http:\/\/viriatvs.com\/golf-cup\/?page_id=3"},"modified":"2023-05-16T14:40:40","modified_gmt":"2023-05-16T14:40:40","slug":"politica-privacidade","status":"publish","type":"page","link":"https:\/\/viriatvs.com\/golf-cup\/politica-privacidade\/","title":{"rendered":"Pol\u00edtica de privacidade"},"content":{"rendered":"<p>[vc_row css_animation=&#8221;&#8221; row_type=&#8221;row&#8221; use_row_as_full_screen_section=&#8221;no&#8221; type=&#8221;full_width&#8221; angled_section=&#8221;no&#8221; text_align=&#8221;left&#8221; background_image_as_pattern=&#8221;without_pattern&#8221;][vc_column][vc_column_text]POL\u00cdTICA DE PRIVACIDADE<\/p>\n<p>&nbsp;<\/p>\n<p>&nbsp;<\/p>\n<p><strong>A\u00a0Studiobox, Publicidade e Gest\u00e3o de Meios, Unipessoal, Lda.<\/strong>\u00a0cumpre com as obriga\u00e7\u00f5es que para si decorrem da Lei de Prote\u00e7\u00e3o de Dados e da Lei de tratamento de dados pessoais e de prote\u00e7\u00e3o da privacidade no sector das telecomunica\u00e7\u00f5es electr\u00f3nicas. A nossa Pol\u00edtica de Privacidade e Cookies explica como iremos tratar qualquer informa\u00e7\u00e3o pessoal que nos fornecer quando usar este website e os servi\u00e7os que, por este meio, disponibilizamos.<\/p>\n<p>&nbsp;<\/p>\n<p><strong>Recolha e Registo de Dados<\/strong><\/p>\n<p>A Studiobox\u00a0est\u00e1 empenhada em proteger a privacidade dos utilizadores do seu site e, como tal, recolhe apenas as informa\u00e7\u00f5es pessoais daqueles que as facultem voluntariamente, e assim tamb\u00e9m, apenas as utiliza para os fins para os quais foram fornecidas.<\/p>\n<p>Os dados pessoais recolhidos pela Studiobox s\u00e3o processados automaticamente e destinam-se \u00e0 gest\u00e3o da ficha do cliente, dos seus servi\u00e7os e dos seus pedidos de apoio e suporte. A recolha e tratamento de dados pessoais tem ainda como finalidade o seu uso para contactos por parte da Studiobox para efeitos de:<\/p>\n<ul>\n<li>Garantir o normal funcionamento do servi\u00e7o contratado, nomeadamente fornecendo dados para sua gest\u00e3o, e fatura\u00e7\u00e3o;<\/li>\n<li>Comunicar interven\u00e7\u00f5es programadas, reportar problemas e\/ou outras situa\u00e7\u00f5es de relev\u00e2ncia e\/ou impacto nos seus servi\u00e7os ou vias de suporte;<\/li>\n<li>Promover a comunica\u00e7\u00e3o exigida contratualmente, usando a via, para tal, estipulada (Condi\u00e7\u00f5es Gerais de presta\u00e7\u00e3o de servi\u00e7o);<\/li>\n<li>Envio de informa\u00e7\u00f5es de \u00e2mbito generalista e publicit\u00e1rio em rela\u00e7\u00e3o \u00e0 Studiobox e aos servi\u00e7os por ela prestados<\/li>\n<\/ul>\n<p>Os dados fornecidos est\u00e3o integrados numa base de dados, sendo o seu tratamento automatizado, organizado e mantido diretamente pela Studiobox\u00a0de acordo com a Lei 67\/98 de 26 de Outubro. Os menores de 18 anos dever\u00e3o obter autoriza\u00e7\u00e3o dos pais ou tutores antes de acederem ou disponibilizarem dados pessoais no site.<\/p>\n<p><strong>\u00a0<\/strong><\/p>\n<p><strong>Retifica\u00e7\u00e3o ou elimina\u00e7\u00e3o dos dados fornecidos<\/strong><\/p>\n<ul>\n<li><strong>Fornecimento de dados e retifica\u00e7\u00e3o<\/strong><\/li>\n<\/ul>\n<p>Nos termos da legisla\u00e7\u00e3o aplic\u00e1vel assiste ao utilizador o direito de acesso, retifica\u00e7\u00e3o dos seus dados, ora assim a Studiobox oferece ao cliente o acesso permanente aos seus dados, viabilizando, assim, a sua retifica\u00e7\u00e3o a todo tempo.<\/p>\n<ul>\n<li><strong>Livre fornecimento de dados e aceita\u00e7\u00e3o da presente pol\u00edtica de privacidade<\/strong><\/li>\n<\/ul>\n<p>Qualquer utilizador poder\u00e1 livremente optar por fornecer ou n\u00e3o os seus dados.<\/p>\n<p>O preenchimento da ficha de clientes, formul\u00e1rio de contacto, pedido de or\u00e7amentos e formul\u00e1rio de subscri\u00e7\u00e3o de newsletter \u00e9 tida como indica\u00e7\u00e3o volunt\u00e1ria de dados e \u00e9 entendida como declara\u00e7\u00e3o de aceita\u00e7\u00e3o por parte do cliente da presente pol\u00edtica de privacidade, bem como do tratamento e armazenagem desses dados, pela Studiobox, para os fins comerciais a que se destinam.<\/p>\n<p>Ora, assim, a Studiobox reserva-se no direito de armazenar e usar os dados fornecidos pelo cliente at\u00e9 declara\u00e7\u00e3o expressa deste a solicitar a sua elimina\u00e7\u00e3o.<\/p>\n<p>&nbsp;<\/p>\n<p><strong>Elimina\u00e7\u00e3o dos dados<\/strong><\/p>\n<p>Muito embora a Studiobox n\u00e3o se comprometa a armazenar os dados do cliente depois de excedidos os prazos para renova\u00e7\u00e3o dos seus servi\u00e7os e\/ou ap\u00f3s a rescis\u00e3o do contrato sem que haja uma informa\u00e7\u00e3o expressa acerca, a Studiobox\u00a0n\u00e3o poder\u00e1 aferir com certeza se o cliente pretende ou n\u00e3o manter-se inscrito como cliente Studiobox.<\/p>\n<p>Se for do interesse do cliente n\u00e3o ser mais contactado pela Studiobox e que a Studiobox n\u00e3o guarde mais os seus dados, dever\u00e1 solicitar por forma expressa a elimina\u00e7\u00e3o dos seus dados das nossas bases de dados.<\/p>\n<p>Para as quest\u00f5es relacionadas com o tratamento dos seus dados pessoais poder\u00e1 contactar a Studiobox atrav\u00e9s dos seguintes meios:<\/p>\n<ul>\n<li><u>Telefone<\/u>: 968 405 494 (chamada para a rede m\u00f3vel nacional)<\/li>\n<li><u>Carta registada<\/u>:\u00a0Studiobox, Publicidade e Gest\u00e3o de Meios, Unipessoal, Lda., Rua Alexandre Herculano, n\u00ba 29, 3510-038 Viseu<\/li>\n<li><u>Email<\/u>: geral@studiobox.pt<\/li>\n<\/ul>\n<p>&nbsp;<\/p>\n<p><strong>Seguran\u00e7a e utiliza\u00e7\u00e3o da sua informa\u00e7\u00e3o<\/strong><\/p>\n<p>A Studiobox compromete-se a n\u00e3o vender nem alugar ou transmitir ou sob qualquer outro t\u00edtulo, a terceiros quaisquer dados pessoais enviados pelos utilizadores do nosso site, sem preju\u00edzo de o fazer mediante autoriza\u00e7\u00e3o do utilizador ou quando seja legalmente obrigado. A Studiobox assegura que, tanto quanto \u00e9 exig\u00edvel e atend\u00edvel, foram adotadas e organizadas as medidas t\u00e9cnicas adequadas para proteger os dados pessoais contra a destrui\u00e7\u00e3o, altera\u00e7\u00e3o e\/ou difus\u00e3o acidental ou il\u00edcita, n\u00e3o autorizadas dos dados pessoais.<\/p>\n<p>Qualquer tentativa de viola\u00e7\u00e3o da base de dados do presente site ser\u00e1 objeto de ac\u00e7\u00e3o penal e queixa-crime, conforme previsto na legisla\u00e7\u00e3o portuguesa referente a bases de dados e poder\u00e1 implicar responsabilidade civil e criminal.<\/p>\n<p>&nbsp;<\/p>\n<p><strong>Conserva\u00e7\u00e3o da informa\u00e7\u00e3o pessoal<\/strong><\/p>\n<p>Ap\u00f3s a recolha de informa\u00e7\u00e3o pessoal individualizada transmitida voluntariamente pelo utilizador, a Studiobox proceder\u00e1 \u00e0 sua conserva\u00e7\u00e3o e manuten\u00e7\u00e3o pelo per\u00edodo necess\u00e1rio \u00e0 finalidade do seu tratamento, at\u00e9 instru\u00e7\u00f5es em contr\u00e1rio, ou at\u00e9 que a lei exija a respetiva elimina\u00e7\u00e3o.<\/p>\n<p>A conserva\u00e7\u00e3o dessa informa\u00e7\u00e3o permite que a Studiobox continue a fornecer servi\u00e7os personalizados sem interrup\u00e7\u00e3o, salvo oposi\u00e7\u00e3o expressa do Utilizador.<\/p>\n<p>Apesar disto a Studiobox n\u00e3o \u00e9 obrigada a armazenar os dados do cliente depois de excedidos os prazos para renova\u00e7\u00e3o de todos os seus servi\u00e7os, sem que estes sejam pagos.<\/p>\n<p>&nbsp;<\/p>\n<p><strong>Entidade respons\u00e1vel<\/strong><\/p>\n<p>A entidade respons\u00e1vel pelo tratamento da Base de Dados \u00e9 a\u00a0<strong>Studiobox<\/strong>, com sede na Studiobox, Rua Alexandre Herculano, n\u00ba291, 3510-038 Viseu, pessoa coletiva n\u00ba 507 052 382, podendo qualquer interessado entrar em contacto com ela atrav\u00e9s dos seguintes contactos:<\/p>\n<ul>\n<li><u>Telefone<\/u>: 968 405 494 (chamada para a rede m\u00f3vel nacional)<\/li>\n<li><u>Morada<\/u>: Studiobox, Publicidade e Gest\u00e3o de Meios, Unipessoal, Lda., Rua Alexandre Herculano, n\u00ba 291, 3510-038 Viseu<\/li>\n<li><u>Email<\/u>: geral@studiobox.pt<\/li>\n<\/ul>\n<p>&nbsp;<\/p>\n<header class=\"entry-header\"><\/header>\n<p>&nbsp;<\/p>\n<p>&nbsp;<\/p>\n<p><strong>Pol\u00edtica de Cookies<\/strong><\/p>\n<p><strong>O que s\u00e3o cookies?<\/strong><\/p>\n<p>\u201cCookies\u201d s\u00e3o pequenas etiquetas de software (ficheiros de texto) que s\u00e3o armazenadas no seu computador atrav\u00e9s do seu browser\/navegador (Internet Explorer; Firefox; Google Chrome; etc.), e que ret\u00eam apenas informa\u00e7\u00e3o relacionada com as suas prefer\u00eancias, n\u00e3o incluindo, como tal, quaisquer dados pessoais.<\/p>\n<p>A utiliza\u00e7\u00e3o de cookies na internet \u00e9 usual e em nada prejudica os computadores dos utilizadores, n\u00e3o sendo os cookies invasivos nem nocivos e n\u00e3o contendo qualquer informa\u00e7\u00e3o de car\u00e1cter pessoal que permita identificar o utilizador.<\/p>\n<p>&nbsp;<\/p>\n<p><strong>Para que servem os cookies?<\/strong><\/p>\n<p>Os cookies s\u00e3o ficheiros que s\u00e3o gravados no seu computador que t\u00eam como \u00fanico objectivo simplificar a sua navega\u00e7\u00e3o, facilitando a sua pr\u00f3xima visita e tornam o website studiobox.pt mais \u00fatil para si (estes cookies n\u00e3o podem conter v\u00edrus nem ser executados, pois n\u00e3o s\u00e3o ficheiros activos).<\/p>\n<p>&nbsp;<\/p>\n<p>Os cookies s\u00e3o gravados no equipamento terminal e acedidos pelo nosso website apenas porque e quando o utilizador d\u00e1 o seu consentimento atrav\u00e9s de um comportamento ativo e mediante uma decis\u00e3o livre consubstanciada na aceita\u00e7\u00e3o da navega\u00e7\u00e3o no nosso website, com base em informa\u00e7\u00f5es claras e completas nos termos adiante explicitados, nomeadamente sobre o objetivo do processamento.<\/p>\n<p>&nbsp;<\/p>\n<p>Estes cookies apenas podem ser lidos pela studiobox.pt e por si.<\/p>\n<p>&nbsp;<\/p>\n<p><strong>Que tipo de Cookies existem?<\/strong><\/p>\n<p><em><strong>Cookies estritamente necess\u00e1rios<\/strong><\/em><\/p>\n<p>Permitem que navegue no website e utilize as suas aplica\u00e7\u00f5es, s\u00e3o cookies essenciais e que permitem ao nosso site responder a qualquer ac\u00e7\u00e3o que executa no site. O site n\u00e3o funciona corretamente se este cookie n\u00e3o for usado.<\/p>\n<p>&nbsp;<\/p>\n<p><em><strong>Cookies anal\u00edticos<\/strong><\/em><\/p>\n<p>S\u00e3o utilizados anonimamente para efeitos de cria\u00e7\u00e3o e an\u00e1lise de estat\u00edsticas, no sentido de melhorar o funcionamento do website. S\u00e3o cookies que permitem a fun\u00e7\u00e3o do software de an\u00e1lise (analytics). Este software ajuda a analisar os nossos visitantes do site e fornecer informa\u00e7\u00f5es an\u00f3nimas, como navegadores utilizados, visitantes de retorno e de resposta \u00e0s atividades de marketing. Esta informa\u00e7\u00e3o ajuda-nos a melhorar o site e sua experi\u00eancia on-line.<\/p>\n<p>&nbsp;<\/p>\n<p><em><strong>Cookies de funcionalidade<\/strong><\/em><\/p>\n<p>Guardam as prefer\u00eancias do utilizador relativamente \u00e0 utiliza\u00e7\u00e3o do site, de forma que n\u00e3o seja necess\u00e1rio voltar a configurar o site cada vez que o visita.<\/p>\n<p>&nbsp;<\/p>\n<p><em><strong>Cookies permanentes<\/strong><\/em><\/p>\n<p>S\u00e3o cookies que ficam armazenados nos dispositivos de acesso (computador, telem\u00f3vel, smartphone ou tablet), ao n\u00edvel do navegador de internet (browser), e s\u00e3o usados sempre que o utilizador visita novamente o site. Em geral, s\u00e3o usados para direcionar a navega\u00e7\u00e3o de acordo com os interesses do utilizador, permitindo prestar um servi\u00e7o mais personalizado;<\/p>\n<p>&nbsp;<\/p>\n<p><em><strong>Cookies de sess\u00e3o<\/strong><\/em><\/p>\n<p>S\u00e3o cookies tempor\u00e1rios, que s\u00e3o gerados e est\u00e3o dispon\u00edveis at\u00e9 encerrar a sess\u00e3o. Da pr\u00f3xima vez que o utilizador aceder ao seu navegador de internet (browser) os cookies j\u00e1 n\u00e3o estar\u00e3o armazenados. A informa\u00e7\u00e3o obtida permite gerir as sess\u00f5es, identificar problemas e fornecer uma melhor experi\u00eancia de navega\u00e7\u00e3o.<\/p>\n<p>&nbsp;<\/p>\n<p>\u00c9 permitido ao utilizador aceitar, recusar ou apagar cookies, nomeadamente atrav\u00e9s da sele\u00e7\u00e3o das defini\u00e7\u00f5es apropriadas no respetivo navegador (browser). Ao desativar cookies poder\u00e1 impedir que alguns dos nossos servi\u00e7os da web funcionem corretamente.<\/p>\n<p>&nbsp;<\/p>\n<p>Para obter mais informa\u00e7\u00f5es sobre cookies, incluindo para saber que cookies foram instalados e como podem ser geridos e eliminados, visite\u00a0<a href=\"http:\/\/www.allaboutcookies.org\/\">www.allaboutcookies.org.<\/a>\u00a0Se n\u00e3o quiser que as suas visitas a s\u00edtios Web sejam detectadas pelo Google Analytics, v\u00e1 a\u00a0<a href=\"http:\/\/tools.google.com\/dlpage\/gaoptout\">http:\/\/tools.google.com\/dlpage\/gaoptout<\/a><\/p>\n<p>&nbsp;<\/p>\n<p><strong>Aceita\u00e7\u00e3o destes termos<\/strong><\/p>\n<p>&nbsp;<\/p>\n<p>Ao utilizar este site, o utilizador concorda com a recolha e uso das suas informa\u00e7\u00f5es tal como estabelecido nesta Pol\u00edtica de Cookies.<\/p>\n<p>&nbsp;<\/p>\n<p><strong>Como pode gerir os cookies?<\/strong><\/p>\n<p>Todos os browsers permitem ao utilizador aceitar, recusar ou apagar cookies, nomeadamente atrav\u00e9s da sele\u00e7\u00e3o das defini\u00e7\u00f5es apropriadas. Pode configurar os cookies no seu browser no menu \u201cop\u00e7\u00f5es\u201d ou \u201cprefer\u00eancias\u201d.<\/p>\n<p>Note-se, no entanto, que, ao desativar os cookies, pode impedir que alguns servi\u00e7os do nosso website funcionem corretamente, afetando, parcial ou totalmente, a navega\u00e7\u00e3o.<\/p>\n<p>[\/vc_column_text][\/vc_column][\/vc_row]<\/p>\n","protected":false},"excerpt":{"rendered":"<p>[vc_row css_animation=&#8221;&#8221; row_type=&#8221;row&#8221; use_row_as_full_screen_section=&#8221;no&#8221; type=&#8221;full_width&#8221; angled_section=&#8221;no&#8221; text_align=&#8221;left&#8221; background_image_as_pattern=&#8221;without_pattern&#8221;][vc_column][vc_column_text]POL\u00cdTICA DE PRIVACIDADE &nbsp; &nbsp; A\u00a0Studiobox, Publicidade e Gest\u00e3o de Meios, Unipessoal, Lda.\u00a0cumpre com as obriga\u00e7\u00f5es que para si decorrem da Lei de Prote\u00e7\u00e3o de Dados e da Lei de tratamento de dados pessoais e de prote\u00e7\u00e3o da&#8230;<\/p>\n","protected":false},"author":1,"featured_media":0,"parent":0,"menu_order":0,"comment_status":"closed","ping_status":"open","template":"","meta":{"footnotes":""},"yoast_head":"<!-- This site is optimized with the Yoast SEO plugin v22.1 - https:\/\/yoast.com\/wordpress\/plugins\/seo\/ -->\n<title>Pol\u00edtica de privacidade - VIRIATVS GOLF CUP<\/title>\n<meta name=\"robots\" content=\"index, follow, max-snippet:-1, max-image-preview:large, max-video-preview:-1\" \/>\n<link rel=\"canonical\" href=\"https:\/\/viriatvs.com\/golf-cup\/politica-privacidade\/\" \/>\n<meta property=\"og:locale\" content=\"pt_PT\" \/>\n<meta property=\"og:type\" content=\"article\" \/>\n<meta property=\"og:title\" content=\"Pol\u00edtica de privacidade - VIRIATVS GOLF CUP\" \/>\n<meta property=\"og:description\" content=\"[vc_row css_animation=&#8221;&#8221; row_type=&#8221;row&#8221; use_row_as_full_screen_section=&#8221;no&#8221; type=&#8221;full_width&#8221; angled_section=&#8221;no&#8221; text_align=&#8221;left&#8221; background_image_as_pattern=&#8221;without_pattern&#8221;][vc_column][vc_column_text]POL\u00cdTICA DE PRIVACIDADE &nbsp; &nbsp; A\u00a0Studiobox, Publicidade e Gest\u00e3o de Meios, Unipessoal, Lda.\u00a0cumpre com as obriga\u00e7\u00f5es que para si decorrem da Lei de Prote\u00e7\u00e3o de Dados e da Lei de tratamento de dados pessoais e de prote\u00e7\u00e3o da...\" \/>\n<meta property=\"og:url\" content=\"https:\/\/viriatvs.com\/golf-cup\/politica-privacidade\/\" \/>\n<meta property=\"og:site_name\" content=\"VIRIATVS GOLF CUP\" \/>\n<meta property=\"article:modified_time\" content=\"2023-05-16T14:40:40+00:00\" \/>\n<meta name=\"twitter:card\" content=\"summary_large_image\" \/>\n<meta name=\"twitter:label1\" content=\"Tempo estimado de leitura\" \/>\n\t<meta name=\"twitter:data1\" content=\"9 minutos\" \/>\n<script type=\"application\/ld+json\" class=\"yoast-schema-graph\">{\"@context\":\"https:\/\/schema.org\",\"@graph\":[{\"@type\":\"WebPage\",\"@id\":\"https:\/\/viriatvs.com\/golf-cup\/politica-privacidade\/\",\"url\":\"https:\/\/viriatvs.com\/golf-cup\/politica-privacidade\/\",\"name\":\"Pol\u00edtica de privacidade - VIRIATVS GOLF CUP\",\"isPartOf\":{\"@id\":\"https:\/\/viriatvs.com\/golf-cup\/#website\"},\"datePublished\":\"2019-05-27T16:13:16+00:00\",\"dateModified\":\"2023-05-16T14:40:40+00:00\",\"breadcrumb\":{\"@id\":\"https:\/\/viriatvs.com\/golf-cup\/politica-privacidade\/#breadcrumb\"},\"inLanguage\":\"pt-PT\",\"potentialAction\":[{\"@type\":\"ReadAction\",\"target\":[\"https:\/\/viriatvs.com\/golf-cup\/politica-privacidade\/\"]}]},{\"@type\":\"BreadcrumbList\",\"@id\":\"https:\/\/viriatvs.com\/golf-cup\/politica-privacidade\/#breadcrumb\",\"itemListElement\":[{\"@type\":\"ListItem\",\"position\":1,\"name\":\"In\u00edcio\",\"item\":\"https:\/\/viriatvs.com\/golf-cup\/\"},{\"@type\":\"ListItem\",\"position\":2,\"name\":\"Pol\u00edtica de privacidade\"}]},{\"@type\":\"WebSite\",\"@id\":\"https:\/\/viriatvs.com\/golf-cup\/#website\",\"url\":\"https:\/\/viriatvs.com\/golf-cup\/\",\"name\":\"VIRIATVS GOLF CUP\",\"description\":\"TORNEIO 2026\",\"potentialAction\":[{\"@type\":\"SearchAction\",\"target\":{\"@type\":\"EntryPoint\",\"urlTemplate\":\"https:\/\/viriatvs.com\/golf-cup\/?s={search_term_string}\"},\"query-input\":\"required name=search_term_string\"}],\"inLanguage\":\"pt-PT\"}]}<\/script>\n<!-- \/ Yoast SEO plugin. -->","yoast_head_json":{"title":"Pol\u00edtica de privacidade - VIRIATVS GOLF CUP","robots":{"index":"index","follow":"follow","max-snippet":"max-snippet:-1","max-image-preview":"max-image-preview:large","max-video-preview":"max-video-preview:-1"},"canonical":"https:\/\/viriatvs.com\/golf-cup\/politica-privacidade\/","og_locale":"pt_PT","og_type":"article","og_title":"Pol\u00edtica de privacidade - VIRIATVS GOLF CUP","og_description":"[vc_row css_animation=&#8221;&#8221; row_type=&#8221;row&#8221; use_row_as_full_screen_section=&#8221;no&#8221; type=&#8221;full_width&#8221; angled_section=&#8221;no&#8221; text_align=&#8221;left&#8221; background_image_as_pattern=&#8221;without_pattern&#8221;][vc_column][vc_column_text]POL\u00cdTICA DE PRIVACIDADE &nbsp; &nbsp; A\u00a0Studiobox, Publicidade e Gest\u00e3o de Meios, Unipessoal, Lda.\u00a0cumpre com as obriga\u00e7\u00f5es que para si decorrem da Lei de Prote\u00e7\u00e3o de Dados e da Lei de tratamento de dados pessoais e de prote\u00e7\u00e3o da...","og_url":"https:\/\/viriatvs.com\/golf-cup\/politica-privacidade\/","og_site_name":"VIRIATVS GOLF CUP","article_modified_time":"2023-05-16T14:40:40+00:00","twitter_card":"summary_large_image","twitter_misc":{"Tempo estimado de leitura":"9 minutos"},"schema":{"@context":"https:\/\/schema.org","@graph":[{"@type":"WebPage","@id":"https:\/\/viriatvs.com\/golf-cup\/politica-privacidade\/","url":"https:\/\/viriatvs.com\/golf-cup\/politica-privacidade\/","name":"Pol\u00edtica de privacidade - VIRIATVS GOLF CUP","isPartOf":{"@id":"https:\/\/viriatvs.com\/golf-cup\/#website"},"datePublished":"2019-05-27T16:13:16+00:00","dateModified":"2023-05-16T14:40:40+00:00","breadcrumb":{"@id":"https:\/\/viriatvs.com\/golf-cup\/politica-privacidade\/#breadcrumb"},"inLanguage":"pt-PT","potentialAction":[{"@type":"ReadAction","target":["https:\/\/viriatvs.com\/golf-cup\/politica-privacidade\/"]}]},{"@type":"BreadcrumbList","@id":"https:\/\/viriatvs.com\/golf-cup\/politica-privacidade\/#breadcrumb","itemListElement":[{"@type":"ListItem","position":1,"name":"In\u00edcio","item":"https:\/\/viriatvs.com\/golf-cup\/"},{"@type":"ListItem","position":2,"name":"Pol\u00edtica de privacidade"}]},{"@type":"WebSite","@id":"https:\/\/viriatvs.com\/golf-cup\/#website","url":"https:\/\/viriatvs.com\/golf-cup\/","name":"VIRIATVS GOLF CUP","description":"TORNEIO 2026","potentialAction":[{"@type":"SearchAction","target":{"@type":"EntryPoint","urlTemplate":"https:\/\/viriatvs.com\/golf-cup\/?s={search_term_string}"},"query-input":"required name=search_term_string"}],"inLanguage":"pt-PT"}]}},"_links":{"self":[{"href":"https:\/\/viriatvs.com\/golf-cup\/wp-json\/wp\/v2\/pages\/3"}],"collection":[{"href":"https:\/\/viriatvs.com\/golf-cup\/wp-json\/wp\/v2\/pages"}],"about":[{"href":"https:\/\/viriatvs.com\/golf-cup\/wp-json\/wp\/v2\/types\/page"}],"author":[{"embeddable":true,"href":"https:\/\/viriatvs.com\/golf-cup\/wp-json\/wp\/v2\/users\/1"}],"replies":[{"embeddable":true,"href":"https:\/\/viriatvs.com\/golf-cup\/wp-json\/wp\/v2\/comments?post=3"}],"version-history":[{"count":4,"href":"https:\/\/viriatvs.com\/golf-cup\/wp-json\/wp\/v2\/pages\/3\/revisions"}],"predecessor-version":[{"id":1916,"href":"https:\/\/viriatvs.com\/golf-cup\/wp-json\/wp\/v2\/pages\/3\/revisions\/1916"}],"wp:attachment":[{"href":"https:\/\/viriatvs.com\/golf-cup\/wp-json\/wp\/v2\/media?parent=3"}],"curies":[{"name":"wp","href":"https:\/\/api.w.org\/{rel}","templated":true}]}}