{"id":202,"date":"2019-05-28T10:12:57","date_gmt":"2019-05-28T10:12:57","guid":{"rendered":"http:\/\/viriatvs.com\/golf-cup\/?page_id=202"},"modified":"2025-06-24T13:19:07","modified_gmt":"2025-06-24T13:19:07","slug":"regulamento","status":"publish","type":"page","link":"https:\/\/viriatvs.com\/golf-cup\/regulamento\/","title":{"rendered":"Regulamento"},"content":{"rendered":"<p>[vc_row css_animation=&#8221;&#8221; row_type=&#8221;row&#8221; use_row_as_full_screen_section=&#8221;no&#8221; type=&#8221;grid&#8221; angled_section=&#8221;no&#8221; text_align=&#8221;left&#8221; background_image_as_pattern=&#8221;without_pattern&#8221; z_index=&#8221;&#8221; padding_top=&#8221;50&#8243; padding_bottom=&#8221;50&#8243;][vc_column][vc_column_text]<\/p>\n<h1>Regulamento<\/h1>\n<p>[\/vc_column_text][vc_separator type=&#8221;small&#8221; position=&#8221;left&#8221; color=&#8221;#284b81&#8243; thickness=&#8221;3&#8243; width=&#8221;36&#8243; up=&#8221;18&#8243; down=&#8221;15&#8243;][\/vc_column][\/vc_row][vc_row css_animation=&#8221;&#8221; row_type=&#8221;row&#8221; use_row_as_full_screen_section=&#8221;no&#8221; type=&#8221;grid&#8221; angled_section=&#8221;no&#8221; text_align=&#8221;left&#8221; background_image_as_pattern=&#8221;without_pattern&#8221; z_index=&#8221;&#8221; padding_bottom=&#8221;50&#8243;][vc_column][vc_column_text]<\/p>\n<h4><strong>Data, local e hora:<\/strong><\/h4>\n<p>27 de Setembro de 2025 \u2013 Montebelo Golfe \u2013 Shot Gun 9h00<\/p>\n<p>&nbsp;<\/p>\n<h4><strong>Participa\u00e7\u00e3o:<\/strong><\/h4>\n<p>Prova aberta a todos os jogadores que possuam handicap v\u00e1lido reconhecido pela Federa\u00e7\u00e3o Portuguesa de Golfe.<br \/>\nOs resultados de jogadores que n\u00e3o tenham a situa\u00e7\u00e3o regularizada junto da Federa\u00e7\u00e3o Portuguesa de Golfe, embora estes possam participar na prova como \u201cInternacionais\u201d, n\u00e3o poder\u00e3o ser considerados para a atribui\u00e7\u00e3o de pr\u00e9mios.<\/p>\n<p>&nbsp;<\/p>\n<h4><strong>Handicaps:<\/strong><\/h4>\n<p>O handicap m\u00e1ximo para homens e senhoras \u00e9 de 28.0 WHS, sendo, no entanto, permitida a participa\u00e7\u00e3o a jogadores com handicap v\u00e1lido superior. Os jogadores com handicaps de 28,1 WHS e superiores ser\u00e3o considerados como tendo 28,0 WHS.<\/p>\n<p>&nbsp;<\/p>\n<h4><strong>Modalidade:<\/strong><\/h4>\n<p>Texas Scramble \u2013 Prova de pares, jogada em 18 buracos, em Stableford:<\/p>\n<p>Cada par joga duas bolas do ponto de partida (ordem de sa\u00edda opcional entre os dois jogadores), optando pela melhor bola (no entendimento da equipa); \u00c9 obrigat\u00f3rio o aproveitamento de um m\u00ednimo de OITO sa\u00eddas por jogador.<br \/>\nEscolhida a melhor bola, os dois jogadores voltam a jogar duas bolas desse local, sendo a 1\u00aa jogada tal como est\u00e1 pelo jogador que a jogou e a 2\u00aa colocada \u00e0 dist\u00e2ncia m\u00e1xima de um cart\u00e3o de resultados oficial da prova do local onde estava a 1\u00aa, n\u00e3o mais perto do buraco; excepto se a 1\u00aa bola jogada estiver no bunker, devendo nesse caso o local da 1\u00aa bola ser reconstitu\u00eddo e a 2\u00aa bola colocada nesse local;<br \/>\nA partir do momento em que escolhem uma bola que esteja no green, jogam essa bola alternadamente, at\u00e9 acabarem o buraco, jogando primeiro o jogador cuja bola n\u00e3o foi escolhida;<br \/>\nSe a bola que foi jogada no green voltar a sair do mesmo, os jogadores ter\u00e3o de continuar a jogar alternadamente, n\u00e3o tendo direito a jogar os dois.<br \/>\nA pontua\u00e7\u00e3o de cada par \u00e9 a que corresponder \u00e0 pontua\u00e7\u00e3o stableford net calculada com 3\/4 do handicap de jogo, que \u00e9 determinado aproveitando 60% do handicap de jogo mais baixo e 40% do handicap de jogo mais alto dos jogadores que constituem o par.<\/p>\n<p>&nbsp;<\/p>\n<h4><strong>Regras:\u00a0<\/strong><\/h4>\n<p>Regras locais do Golfe Montebelo e\/ou, as regras locais que venham a ser estabelecidas pela Comiss\u00e3o T\u00e9cnica da competi\u00e7\u00e3o.<\/p>\n<p>&nbsp;<\/p>\n<h4><strong>Comiss\u00e3o T\u00e9cnica:<\/strong><\/h4>\n<p>\u00c9 constitu\u00edda pelo diretor do Montebelo Golfe e pelo profissional de ensino do Montebelo Golfe.<br \/>\nA Comiss\u00e3o de T\u00e9cnica reserva-se o direito de, em qualquer altura, completar ou modificar o presente Regulamento, cancelar ou suspender a competi\u00e7\u00e3o ou modificar a forma de jogo.<\/p>\n<p>&nbsp;<\/p>\n<h4><strong>Empates<\/strong>:<\/h4>\n<p>Em caso de empate o desempate ser\u00e1 feito pelos melhores 9 \u00faltimos buracos do campo (buracos 10 a 18) e caso subsista o empate, sucessivamente pelos melhores 6 e 3 \u00faltimos buracos, melhor \u00faltimo buraco e, finalmente, por sorteio;<\/p>\n<p>&nbsp;<\/p>\n<h4><strong>Pr\u00e9mios:<\/strong><\/h4>\n<p>Ser\u00e3o atribu\u00eddos pr\u00e9mios a:<\/p>\n<p>&nbsp;<\/p>\n<ul>\n<li>Resultados Net geral: 1\u00ba, 2\u00ba e 3\u00ba lugares<\/li>\n<li>Resultados Gross geral: 1\u00ba lugar<\/li>\n<li>Nearest the pin senhoras<\/li>\n<li>Nearest the pin homens<\/li>\n<li>Longest drive senhoras<\/li>\n<li>Longest drive homens<\/li>\n<\/ul>\n<p>&nbsp;<\/p>\n<p>Os pr\u00e9mios para o 1\u00ba lugar n\u00e3o s\u00e3o acumul\u00e1veis, prevalecendo a classifica\u00e7\u00e3o net.<\/p>\n<p>Os pr\u00e9mios n\u00e3o s\u00e3o acumul\u00e1veis.<\/p>\n<p>Para os pr\u00e9mios finais, um dos jogadores de cada equipa ter\u00e1 de completar 18 ANOS ou mais em 2024<\/p>\n<p>&nbsp;<\/p>\n<h4><strong>Almo\u00e7o:<\/strong><\/h4>\n<p>A seguir ao jogo realizar-se-\u00e1 um almo\u00e7o para todos os participantes, durante o qual ser\u00e3o distribu\u00eddos os pr\u00e9mios e sorteio da t\u00f4mbola.<\/p>\n<p>&nbsp;<\/p>\n<h4><strong>Pre\u00e7os:<\/strong><\/h4>\n<p>Jogadores com passe anual Montebelo: Green Fee + Almo\u00e7o + Bar Campo = 32\u20ac<br \/>\nOutros jogadores: Green Fee + Almo\u00e7o + Bar Campo = 52\u20ac[\/vc_column_text][vc_empty_space][\/vc_column][\/vc_row]<\/p>\n","protected":false},"excerpt":{"rendered":"<p>[vc_row css_animation=&#8221;&#8221; row_type=&#8221;row&#8221; use_row_as_full_screen_section=&#8221;no&#8221; type=&#8221;grid&#8221; angled_section=&#8221;no&#8221; text_align=&#8221;left&#8221; background_image_as_pattern=&#8221;without_pattern&#8221; z_index=&#8221;&#8221; padding_top=&#8221;50&#8243; padding_bottom=&#8221;50&#8243;][vc_column][vc_column_text] Regulamento [\/vc_column_text][vc_separator type=&#8221;small&#8221; position=&#8221;left&#8221; color=&#8221;#284b81&#8243; thickness=&#8221;3&#8243; width=&#8221;36&#8243; up=&#8221;18&#8243; down=&#8221;15&#8243;][\/vc_column][\/vc_row][vc_row css_animation=&#8221;&#8221; row_type=&#8221;row&#8221; use_row_as_full_screen_section=&#8221;no&#8221; type=&#8221;grid&#8221; angled_section=&#8221;no&#8221; text_align=&#8221;left&#8221; background_image_as_pattern=&#8221;without_pattern&#8221; z_index=&#8221;&#8221; padding_bottom=&#8221;50&#8243;][vc_column][vc_column_text] Data, local e hora: 27 de Setembro de 2025 \u2013 Montebelo Golfe \u2013 Shot Gun 9h00&#8230;<\/p>\n","protected":false},"author":1,"featured_media":0,"parent":0,"menu_order":0,"comment_status":"closed","ping_status":"closed","template":"full_width.php","meta":{"footnotes":""},"yoast_head":"<!-- This site is optimized with the Yoast SEO plugin v22.1 - https:\/\/yoast.com\/wordpress\/plugins\/seo\/ -->\n<title>Regulamento - VIRIATVS GOLF CUP<\/title>\n<meta name=\"robots\" content=\"index, follow, max-snippet:-1, max-image-preview:large, max-video-preview:-1\" \/>\n<link rel=\"canonical\" href=\"https:\/\/viriatvs.com\/golf-cup\/regulamento\/\" \/>\n<meta property=\"og:locale\" content=\"pt_PT\" \/>\n<meta property=\"og:type\" content=\"article\" \/>\n<meta property=\"og:title\" content=\"Regulamento - VIRIATVS GOLF CUP\" \/>\n<meta property=\"og:description\" content=\"[vc_row css_animation=&#8221;&#8221; row_type=&#8221;row&#8221; use_row_as_full_screen_section=&#8221;no&#8221; type=&#8221;grid&#8221; angled_section=&#8221;no&#8221; text_align=&#8221;left&#8221; background_image_as_pattern=&#8221;without_pattern&#8221; z_index=&#8221;&#8221; padding_top=&#8221;50&#8243; padding_bottom=&#8221;50&#8243;][vc_column][vc_column_text] Regulamento [\/vc_column_text][vc_separator type=&#8221;small&#8221; position=&#8221;left&#8221; color=&#8221;#284b81&#8243; thickness=&#8221;3&#8243; width=&#8221;36&#8243; up=&#8221;18&#8243; down=&#8221;15&#8243;][\/vc_column][\/vc_row][vc_row css_animation=&#8221;&#8221; row_type=&#8221;row&#8221; use_row_as_full_screen_section=&#8221;no&#8221; type=&#8221;grid&#8221; angled_section=&#8221;no&#8221; text_align=&#8221;left&#8221; background_image_as_pattern=&#8221;without_pattern&#8221; z_index=&#8221;&#8221; padding_bottom=&#8221;50&#8243;][vc_column][vc_column_text] Data, local e hora: 27 de Setembro de 2025 \u2013 Montebelo Golfe \u2013 Shot Gun 9h00...\" \/>\n<meta property=\"og:url\" content=\"https:\/\/viriatvs.com\/golf-cup\/regulamento\/\" \/>\n<meta property=\"og:site_name\" content=\"VIRIATVS GOLF CUP\" \/>\n<meta property=\"article:modified_time\" content=\"2025-06-24T13:19:07+00:00\" \/>\n<meta name=\"twitter:card\" content=\"summary_large_image\" \/>\n<meta name=\"twitter:label1\" content=\"Tempo estimado de leitura\" \/>\n\t<meta name=\"twitter:data1\" content=\"4 minutos\" \/>\n<script type=\"application\/ld+json\" class=\"yoast-schema-graph\">{\"@context\":\"https:\/\/schema.org\",\"@graph\":[{\"@type\":\"WebPage\",\"@id\":\"https:\/\/viriatvs.com\/golf-cup\/regulamento\/\",\"url\":\"https:\/\/viriatvs.com\/golf-cup\/regulamento\/\",\"name\":\"Regulamento - VIRIATVS GOLF CUP\",\"isPartOf\":{\"@id\":\"https:\/\/viriatvs.com\/golf-cup\/#website\"},\"datePublished\":\"2019-05-28T10:12:57+00:00\",\"dateModified\":\"2025-06-24T13:19:07+00:00\",\"breadcrumb\":{\"@id\":\"https:\/\/viriatvs.com\/golf-cup\/regulamento\/#breadcrumb\"},\"inLanguage\":\"pt-PT\",\"potentialAction\":[{\"@type\":\"ReadAction\",\"target\":[\"https:\/\/viriatvs.com\/golf-cup\/regulamento\/\"]}]},{\"@type\":\"BreadcrumbList\",\"@id\":\"https:\/\/viriatvs.com\/golf-cup\/regulamento\/#breadcrumb\",\"itemListElement\":[{\"@type\":\"ListItem\",\"position\":1,\"name\":\"In\u00edcio\",\"item\":\"https:\/\/viriatvs.com\/golf-cup\/\"},{\"@type\":\"ListItem\",\"position\":2,\"name\":\"Regulamento\"}]},{\"@type\":\"WebSite\",\"@id\":\"https:\/\/viriatvs.com\/golf-cup\/#website\",\"url\":\"https:\/\/viriatvs.com\/golf-cup\/\",\"name\":\"VIRIATVS GOLF CUP\",\"description\":\"TORNEIO 2026\",\"potentialAction\":[{\"@type\":\"SearchAction\",\"target\":{\"@type\":\"EntryPoint\",\"urlTemplate\":\"https:\/\/viriatvs.com\/golf-cup\/?s={search_term_string}\"},\"query-input\":\"required name=search_term_string\"}],\"inLanguage\":\"pt-PT\"}]}<\/script>\n<!-- \/ Yoast SEO plugin. -->","yoast_head_json":{"title":"Regulamento - VIRIATVS GOLF CUP","robots":{"index":"index","follow":"follow","max-snippet":"max-snippet:-1","max-image-preview":"max-image-preview:large","max-video-preview":"max-video-preview:-1"},"canonical":"https:\/\/viriatvs.com\/golf-cup\/regulamento\/","og_locale":"pt_PT","og_type":"article","og_title":"Regulamento - VIRIATVS GOLF CUP","og_description":"[vc_row css_animation=&#8221;&#8221; row_type=&#8221;row&#8221; use_row_as_full_screen_section=&#8221;no&#8221; type=&#8221;grid&#8221; angled_section=&#8221;no&#8221; text_align=&#8221;left&#8221; background_image_as_pattern=&#8221;without_pattern&#8221; z_index=&#8221;&#8221; padding_top=&#8221;50&#8243; padding_bottom=&#8221;50&#8243;][vc_column][vc_column_text] Regulamento [\/vc_column_text][vc_separator type=&#8221;small&#8221; position=&#8221;left&#8221; color=&#8221;#284b81&#8243; thickness=&#8221;3&#8243; width=&#8221;36&#8243; up=&#8221;18&#8243; down=&#8221;15&#8243;][\/vc_column][\/vc_row][vc_row css_animation=&#8221;&#8221; row_type=&#8221;row&#8221; use_row_as_full_screen_section=&#8221;no&#8221; type=&#8221;grid&#8221; angled_section=&#8221;no&#8221; text_align=&#8221;left&#8221; background_image_as_pattern=&#8221;without_pattern&#8221; z_index=&#8221;&#8221; padding_bottom=&#8221;50&#8243;][vc_column][vc_column_text] Data, local e hora: 27 de Setembro de 2025 \u2013 Montebelo Golfe \u2013 Shot Gun 9h00...","og_url":"https:\/\/viriatvs.com\/golf-cup\/regulamento\/","og_site_name":"VIRIATVS GOLF CUP","article_modified_time":"2025-06-24T13:19:07+00:00","twitter_card":"summary_large_image","twitter_misc":{"Tempo estimado de leitura":"4 minutos"},"schema":{"@context":"https:\/\/schema.org","@graph":[{"@type":"WebPage","@id":"https:\/\/viriatvs.com\/golf-cup\/regulamento\/","url":"https:\/\/viriatvs.com\/golf-cup\/regulamento\/","name":"Regulamento - VIRIATVS GOLF CUP","isPartOf":{"@id":"https:\/\/viriatvs.com\/golf-cup\/#website"},"datePublished":"2019-05-28T10:12:57+00:00","dateModified":"2025-06-24T13:19:07+00:00","breadcrumb":{"@id":"https:\/\/viriatvs.com\/golf-cup\/regulamento\/#breadcrumb"},"inLanguage":"pt-PT","potentialAction":[{"@type":"ReadAction","target":["https:\/\/viriatvs.com\/golf-cup\/regulamento\/"]}]},{"@type":"BreadcrumbList","@id":"https:\/\/viriatvs.com\/golf-cup\/regulamento\/#breadcrumb","itemListElement":[{"@type":"ListItem","position":1,"name":"In\u00edcio","item":"https:\/\/viriatvs.com\/golf-cup\/"},{"@type":"ListItem","position":2,"name":"Regulamento"}]},{"@type":"WebSite","@id":"https:\/\/viriatvs.com\/golf-cup\/#website","url":"https:\/\/viriatvs.com\/golf-cup\/","name":"VIRIATVS GOLF CUP","description":"TORNEIO 2026","potentialAction":[{"@type":"SearchAction","target":{"@type":"EntryPoint","urlTemplate":"https:\/\/viriatvs.com\/golf-cup\/?s={search_term_string}"},"query-input":"required name=search_term_string"}],"inLanguage":"pt-PT"}]}},"_links":{"self":[{"href":"https:\/\/viriatvs.com\/golf-cup\/wp-json\/wp\/v2\/pages\/202"}],"collection":[{"href":"https:\/\/viriatvs.com\/golf-cup\/wp-json\/wp\/v2\/pages"}],"about":[{"href":"https:\/\/viriatvs.com\/golf-cup\/wp-json\/wp\/v2\/types\/page"}],"author":[{"embeddable":true,"href":"https:\/\/viriatvs.com\/golf-cup\/wp-json\/wp\/v2\/users\/1"}],"replies":[{"embeddable":true,"href":"https:\/\/viriatvs.com\/golf-cup\/wp-json\/wp\/v2\/comments?post=202"}],"version-history":[{"count":27,"href":"https:\/\/viriatvs.com\/golf-cup\/wp-json\/wp\/v2\/pages\/202\/revisions"}],"predecessor-version":[{"id":2509,"href":"https:\/\/viriatvs.com\/golf-cup\/wp-json\/wp\/v2\/pages\/202\/revisions\/2509"}],"wp:attachment":[{"href":"https:\/\/viriatvs.com\/golf-cup\/wp-json\/wp\/v2\/media?parent=202"}],"curies":[{"name":"wp","href":"https:\/\/api.w.org\/{rel}","templated":true}]}}